{"id":186,"date":"2026-03-26T17:04:30","date_gmt":"2026-03-26T17:04:30","guid":{"rendered":"https:\/\/skylapseproduction.com\/?page_id=186"},"modified":"2026-04-23T14:44:26","modified_gmt":"2026-04-23T14:44:26","slug":"blog","status":"publish","type":"page","link":"https:\/\/skylapseproduction.com\/en\/blog\/","title":{"rendered":"Blog"},"content":{"rendered":"<div data-elementor-type=\"wp-page\" data-elementor-id=\"186\" class=\"elementor elementor-186\" data-elementor-post-type=\"page\">\n\t\t\t\t<div data-particle_enable=\"false\" data-particle-mobile-disabled=\"false\" class=\"elementor-element elementor-element-0ffb266 e-flex e-con-boxed e-con e-parent\" data-id=\"0ffb266\" data-element_type=\"container\" data-e-type=\"container\" data-settings=\"{&quot;background_background&quot;:&quot;classic&quot;}\">\n\t\t\t\t\t<div class=\"e-con-inner\">\n\t\t\t\t<div class=\"elementor-element elementor-element-9ea8fb1 elementor-widget elementor-widget-heading\" data-id=\"9ea8fb1\" data-element_type=\"widget\" data-e-type=\"widget\" data-widget_type=\"heading.default\">\n\t\t\t\t\t<h2 class=\"elementor-heading-title elementor-size-default\">Blog<\/h2>\t\t\t\t<\/div>\n\t\t\t\t\t<\/div>\n\t\t\t\t<\/div>\n\t\t<div data-particle_enable=\"false\" data-particle-mobile-disabled=\"false\" class=\"elementor-element elementor-element-6fdde61 e-flex e-con-boxed e-con e-parent\" data-id=\"6fdde61\" data-element_type=\"container\" data-e-type=\"container\">\n\t\t\t\t\t<div class=\"e-con-inner\">\n\t\t\t\t<div class=\"elementor-element elementor-element-ce5cc75 elementor-absolute elementor-widget elementor-widget-heading\" data-id=\"ce5cc75\" data-element_type=\"widget\" data-e-type=\"widget\" data-settings=\"{&quot;_position&quot;:&quot;absolute&quot;}\" data-widget_type=\"heading.default\">\n\t\t\t\t\t<h2 class=\"elementor-heading-title elementor-size-default\">BLOG<\/h2>\t\t\t\t<\/div>\n\t\t\t\t<div class=\"elementor-element elementor-element-6eadd32 elementor-widget elementor-widget-text-editor\" data-id=\"6eadd32\" data-element_type=\"widget\" data-e-type=\"widget\" data-widget_type=\"text-editor.default\">\n\t\t\t\t\t\t\t\t\t<p>Espacio especializado orientado a compartir conocimiento, tendencias y mejores pr\u00e1cticas en monitoreo visual, producci\u00f3n audiovisual y gesti\u00f3n de proyectos de infraestructura.<\/p>\t\t\t\t\t\t\t\t<\/div>\n\t\t\t\t<div class=\"elementor-element elementor-element-b0cbc97 elementor-grid-1 elementor-grid-tablet-2 elementor-grid-mobile-1 elementor-widget elementor-widget-loop-grid\" data-id=\"b0cbc97\" data-element_type=\"widget\" data-e-type=\"widget\" data-settings=\"{&quot;template_id&quot;:191,&quot;columns&quot;:1,&quot;_skin&quot;:&quot;post&quot;,&quot;columns_tablet&quot;:&quot;2&quot;,&quot;columns_mobile&quot;:&quot;1&quot;,&quot;edit_handle_selector&quot;:&quot;[data-elementor-type=\\&quot;loop-item\\&quot;]&quot;,&quot;row_gap&quot;:{&quot;unit&quot;:&quot;px&quot;,&quot;size&quot;:&quot;&quot;,&quot;sizes&quot;:[]},&quot;row_gap_laptop&quot;:{&quot;unit&quot;:&quot;px&quot;,&quot;size&quot;:&quot;&quot;,&quot;sizes&quot;:[]},&quot;row_gap_tablet&quot;:{&quot;unit&quot;:&quot;px&quot;,&quot;size&quot;:&quot;&quot;,&quot;sizes&quot;:[]},&quot;row_gap_mobile&quot;:{&quot;unit&quot;:&quot;px&quot;,&quot;size&quot;:&quot;&quot;,&quot;sizes&quot;:[]}}\" data-widget_type=\"loop-grid.post\">\n\t\t\t\t<div class=\"elementor-widget-container\">\n\t\t\t\t\t\t\t<div class=\"elementor-loop-container elementor-grid\" role=\"list\">\n\t\t<style id=\"loop-dynamic-191\">.e-loop-item-502 .elementor-element.elementor-element-be273ca:not(.elementor-motion-effects-element-type-background), .e-loop-item-502 .elementor-element.elementor-element-be273ca > .elementor-motion-effects-container > .elementor-motion-effects-layer{background-image:url(\"https:\/\/skylapseproduction.com\/wp-content\/uploads\/2026\/03\/drone-controller-drone-flight-1.jpg\");}<\/style><style id=\"loop-191\">.elementor-widget-container .eael-protected-content-message{font-family:var( --e-global-typography-secondary-font-family ), Sans-serif;font-size:var( --e-global-typography-secondary-font-size );font-weight:var( --e-global-typography-secondary-font-weight );text-transform:var( --e-global-typography-secondary-text-transform );}.elementor-widget-container .protected-content-error-msg{font-family:var( --e-global-typography-secondary-font-family ), Sans-serif;font-size:var( --e-global-typography-secondary-font-size );font-weight:var( --e-global-typography-secondary-font-weight );text-transform:var( --e-global-typography-secondary-text-transform );}.elementor-191 .elementor-element.elementor-element-2e5bcf7{--display:flex;--min-height:300px;--flex-direction:row;--container-widget-width:initial;--container-widget-height:100%;--container-widget-flex-grow:1;--container-widget-align-self:stretch;--flex-wrap-mobile:wrap;--justify-content:space-between;--gap:0px 0px;--row-gap:0px;--column-gap:0px;--border-radius:18px 18px 18px 18px;--padding-top:0px;--padding-bottom:0px;--padding-left:0px;--padding-right:0px;}.elementor-191 .elementor-element.elementor-element-2e5bcf7:not(.elementor-motion-effects-element-type-background), .elementor-191 .elementor-element.elementor-element-2e5bcf7 > .elementor-motion-effects-container > .elementor-motion-effects-layer{background-color:transparent;background-image:linear-gradient(90deg, #2C58A5 -6%, #27A7DF 84%);}.elementor-191 .elementor-element.elementor-element-be273ca{--display:flex;--flex-direction:column;--container-widget-width:100%;--container-widget-height:initial;--container-widget-flex-grow:0;--container-widget-align-self:initial;--flex-wrap-mobile:wrap;--border-radius:18px 18px 18px 18px;--padding-top:0px;--padding-bottom:0px;--padding-left:0px;--padding-right:0px;}.elementor-191 .elementor-element.elementor-element-be273ca:not(.elementor-motion-effects-element-type-background), .elementor-191 .elementor-element.elementor-element-be273ca > .elementor-motion-effects-container > .elementor-motion-effects-layer{background-position:center center;background-repeat:no-repeat;background-size:cover;}.elementor-191 .elementor-element.elementor-element-eedfdac{--display:flex;--flex-direction:column;--container-widget-width:100%;--container-widget-height:initial;--container-widget-flex-grow:0;--container-widget-align-self:initial;--flex-wrap-mobile:wrap;--justify-content:center;--padding-top:50px;--padding-bottom:50px;--padding-left:50px;--padding-right:50px;}.elementor-widget-heading .elementor-heading-title{font-family:var( --e-global-typography-primary-font-family ), Sans-serif;font-size:var( --e-global-typography-primary-font-size );font-weight:var( --e-global-typography-primary-font-weight );text-transform:var( --e-global-typography-primary-text-transform );color:var( --e-global-color-primary );}.elementor-widget-heading .eael-protected-content-message{font-family:var( --e-global-typography-secondary-font-family ), Sans-serif;font-size:var( --e-global-typography-secondary-font-size );font-weight:var( --e-global-typography-secondary-font-weight );text-transform:var( --e-global-typography-secondary-text-transform );}.elementor-widget-heading .protected-content-error-msg{font-family:var( --e-global-typography-secondary-font-family ), Sans-serif;font-size:var( --e-global-typography-secondary-font-size );font-weight:var( --e-global-typography-secondary-font-weight );text-transform:var( --e-global-typography-secondary-text-transform );}.elementor-191 .elementor-element.elementor-element-855fc58 .elementor-heading-title{font-family:var( --e-global-typography-676093f-font-family ), Sans-serif;font-size:var( --e-global-typography-676093f-font-size );font-weight:var( --e-global-typography-676093f-font-weight );text-transform:var( --e-global-typography-676093f-text-transform );line-height:var( --e-global-typography-676093f-line-height );letter-spacing:var( --e-global-typography-676093f-letter-spacing );word-spacing:var( --e-global-typography-676093f-word-spacing );color:var( --e-global-color-cb68ba0 );}.elementor-widget-text-editor{font-family:var( --e-global-typography-text-font-family ), Sans-serif;font-size:var( --e-global-typography-text-font-size );font-weight:var( --e-global-typography-text-font-weight );text-transform:var( --e-global-typography-text-text-transform );color:var( --e-global-color-text );}.elementor-widget-text-editor.elementor-drop-cap-view-stacked .elementor-drop-cap{background-color:var( --e-global-color-primary );}.elementor-widget-text-editor.elementor-drop-cap-view-framed .elementor-drop-cap, .elementor-widget-text-editor.elementor-drop-cap-view-default .elementor-drop-cap{color:var( --e-global-color-primary );border-color:var( --e-global-color-primary );}.elementor-widget-text-editor .eael-protected-content-message{font-family:var( --e-global-typography-secondary-font-family ), Sans-serif;font-size:var( --e-global-typography-secondary-font-size );font-weight:var( --e-global-typography-secondary-font-weight );text-transform:var( --e-global-typography-secondary-text-transform );}.elementor-widget-text-editor .protected-content-error-msg{font-family:var( --e-global-typography-secondary-font-family ), Sans-serif;font-size:var( --e-global-typography-secondary-font-size );font-weight:var( --e-global-typography-secondary-font-weight );text-transform:var( --e-global-typography-secondary-text-transform );}.elementor-191 .elementor-element.elementor-element-7b1939a{color:var( --e-global-color-cb68ba0 );}.elementor-191 .elementor-element.elementor-element-7b1939a a{color:var( --e-global-color-cb68ba0 );}.elementor-widget-button .elementor-button{font-family:var( --e-global-typography-accent-font-family ), Sans-serif;font-size:var( --e-global-typography-accent-font-size );font-weight:var( --e-global-typography-accent-font-weight );text-transform:var( --e-global-typography-accent-text-transform );background-color:var( --e-global-color-accent );}.elementor-widget-button .eael-protected-content-message{font-family:var( --e-global-typography-secondary-font-family ), Sans-serif;font-size:var( --e-global-typography-secondary-font-size );font-weight:var( --e-global-typography-secondary-font-weight );text-transform:var( --e-global-typography-secondary-text-transform );}.elementor-widget-button .protected-content-error-msg{font-family:var( --e-global-typography-secondary-font-family ), Sans-serif;font-size:var( --e-global-typography-secondary-font-size );font-weight:var( --e-global-typography-secondary-font-weight );text-transform:var( --e-global-typography-secondary-text-transform );}.elementor-191 .elementor-element.elementor-element-110def8 .elementor-button-content-wrapper{flex-direction:row-reverse;}.elementor-191 .elementor-element.elementor-element-110def8 .elementor-button{fill:var( --e-global-color-cb68ba0 );color:var( --e-global-color-cb68ba0 );background-color:var( --e-global-color-accent );}@media(min-width:768px){.elementor-191 .elementor-element.elementor-element-2e5bcf7{--content-width:100%;}.elementor-191 .elementor-element.elementor-element-be273ca{--width:40%;}.elementor-191 .elementor-element.elementor-element-eedfdac{--width:60%;}}@media(max-width:1366px){.elementor-widget-container .eael-protected-content-message{font-size:var( --e-global-typography-secondary-font-size );}.elementor-widget-container .protected-content-error-msg{font-size:var( --e-global-typography-secondary-font-size );}.elementor-widget-heading .elementor-heading-title{font-size:var( --e-global-typography-primary-font-size );}.elementor-widget-heading .eael-protected-content-message{font-size:var( --e-global-typography-secondary-font-size );}.elementor-widget-heading .protected-content-error-msg{font-size:var( --e-global-typography-secondary-font-size );}.elementor-191 .elementor-element.elementor-element-855fc58 .elementor-heading-title{font-size:var( --e-global-typography-676093f-font-size );line-height:var( --e-global-typography-676093f-line-height );letter-spacing:var( --e-global-typography-676093f-letter-spacing );word-spacing:var( --e-global-typography-676093f-word-spacing );}.elementor-widget-text-editor{font-size:var( --e-global-typography-text-font-size );}.elementor-widget-text-editor .eael-protected-content-message{font-size:var( --e-global-typography-secondary-font-size );}.elementor-widget-text-editor .protected-content-error-msg{font-size:var( --e-global-typography-secondary-font-size );}.elementor-widget-button .elementor-button{font-size:var( --e-global-typography-accent-font-size );}.elementor-widget-button .eael-protected-content-message{font-size:var( --e-global-typography-secondary-font-size );}.elementor-widget-button .protected-content-error-msg{font-size:var( --e-global-typography-secondary-font-size );}}@media(max-width:1024px){.elementor-widget-container .eael-protected-content-message{font-size:var( --e-global-typography-secondary-font-size );}.elementor-widget-container .protected-content-error-msg{font-size:var( --e-global-typography-secondary-font-size );}.elementor-widget-heading .elementor-heading-title{font-size:var( --e-global-typography-primary-font-size );}.elementor-widget-heading .eael-protected-content-message{font-size:var( --e-global-typography-secondary-font-size );}.elementor-widget-heading .protected-content-error-msg{font-size:var( --e-global-typography-secondary-font-size );}.elementor-191 .elementor-element.elementor-element-855fc58 .elementor-heading-title{font-size:var( --e-global-typography-676093f-font-size );line-height:var( --e-global-typography-676093f-line-height );letter-spacing:var( --e-global-typography-676093f-letter-spacing );word-spacing:var( --e-global-typography-676093f-word-spacing );}.elementor-widget-text-editor{font-size:var( --e-global-typography-text-font-size );}.elementor-widget-text-editor .eael-protected-content-message{font-size:var( --e-global-typography-secondary-font-size );}.elementor-widget-text-editor .protected-content-error-msg{font-size:var( --e-global-typography-secondary-font-size );}.elementor-widget-button .elementor-button{font-size:var( --e-global-typography-accent-font-size );}.elementor-widget-button .eael-protected-content-message{font-size:var( --e-global-typography-secondary-font-size );}.elementor-widget-button .protected-content-error-msg{font-size:var( --e-global-typography-secondary-font-size );}}@media(max-width:767px){.elementor-widget-container .eael-protected-content-message{font-size:var( --e-global-typography-secondary-font-size );}.elementor-widget-container .protected-content-error-msg{font-size:var( --e-global-typography-secondary-font-size );}.elementor-widget-heading .elementor-heading-title{font-size:var( --e-global-typography-primary-font-size );}.elementor-widget-heading .eael-protected-content-message{font-size:var( --e-global-typography-secondary-font-size );}.elementor-widget-heading .protected-content-error-msg{font-size:var( --e-global-typography-secondary-font-size );}.elementor-191 .elementor-element.elementor-element-855fc58 .elementor-heading-title{font-size:var( --e-global-typography-676093f-font-size );line-height:var( --e-global-typography-676093f-line-height );letter-spacing:var( --e-global-typography-676093f-letter-spacing );word-spacing:var( --e-global-typography-676093f-word-spacing );}.elementor-widget-text-editor{font-size:var( --e-global-typography-text-font-size );}.elementor-widget-text-editor .eael-protected-content-message{font-size:var( --e-global-typography-secondary-font-size );}.elementor-widget-text-editor .protected-content-error-msg{font-size:var( --e-global-typography-secondary-font-size );}.elementor-widget-button .elementor-button{font-size:var( --e-global-typography-accent-font-size );}.elementor-widget-button .eael-protected-content-message{font-size:var( --e-global-typography-secondary-font-size );}.elementor-widget-button .protected-content-error-msg{font-size:var( --e-global-typography-secondary-font-size );}}<\/style>\t\t<div data-elementor-type=\"loop-item\" data-elementor-id=\"191\" class=\"elementor elementor-191 e-loop-item e-loop-item-502 post-502 post type-post status-publish format-standard has-post-thumbnail hentry category-uncategorized\" data-elementor-post-type=\"elementor_library\" data-custom-edit-handle=\"1\">\n\t\t\t<div data-particle_enable=\"false\" data-particle-mobile-disabled=\"false\" class=\"elementor-element elementor-element-2e5bcf7 e-flex e-con-boxed e-con e-parent\" data-id=\"2e5bcf7\" data-element_type=\"container\" data-e-type=\"container\" data-settings=\"{&quot;background_background&quot;:&quot;gradient&quot;}\">\n\t\t\t\t\t<div class=\"e-con-inner\">\n\t\t<div data-particle_enable=\"false\" data-particle-mobile-disabled=\"false\" class=\"elementor-element elementor-element-be273ca e-con-full e-flex elementor-invisible e-con e-child\" data-id=\"be273ca\" data-element_type=\"container\" data-e-type=\"container\" data-settings=\"{&quot;background_background&quot;:&quot;classic&quot;,&quot;animation&quot;:&quot;zoomIn&quot;}\">\n\t\t\t\t<\/div>\n\t\t<div data-particle_enable=\"false\" data-particle-mobile-disabled=\"false\" class=\"elementor-element elementor-element-eedfdac e-con-full e-flex e-con e-child\" data-id=\"eedfdac\" data-element_type=\"container\" data-e-type=\"container\">\n\t\t\t\t<div class=\"elementor-element elementor-element-855fc58 elementor-widget elementor-widget-heading\" data-id=\"855fc58\" data-element_type=\"widget\" data-e-type=\"widget\" data-widget_type=\"heading.default\">\n\t\t\t\t\t<h2 class=\"elementor-heading-title elementor-size-default\">Audiovisual Trends in the Construction Industry<\/h2>\t\t\t\t<\/div>\n\t\t\t\t<div class=\"elementor-element elementor-element-110def8 elementor-widget elementor-widget-button\" data-id=\"110def8\" data-element_type=\"widget\" data-e-type=\"widget\" data-widget_type=\"button.default\">\n\t\t\t\t\t\t\t\t\t\t<a class=\"elementor-button elementor-button-link elementor-size-sm elementor-animation-grow\" href=\"https:\/\/skylapseproduction.com\/en\/uncategorized\/tendencias-audiovisuales-en-el-sector-de-la-construccion\/\">\n\t\t\t\t\t\t<span class=\"elementor-button-content-wrapper\">\n\t\t\t\t\t\t<span class=\"elementor-button-icon\">\n\t\t\t\t<svg aria-hidden=\"true\" class=\"e-font-icon-svg e-fas-arrow-right\" viewbox=\"0 0 448 512\" xmlns=\"http:\/\/www.w3.org\/2000\/svg\"><path d=\"M190.5 66.9l22.2-22.2c9.4-9.4 24.6-9.4 33.9 0L441 239c9.4 9.4 9.4 24.6 0 33.9L246.6 467.3c-9.4 9.4-24.6 9.4-33.9 0l-22.2-22.2c-9.5-9.5-9.3-25 .4-34.3L311.4 296H24c-13.3 0-24-10.7-24-24v-32c0-13.3 10.7-24 24-24h287.4L190.9 101.2c-9.8-9.3-10-24.8-.4-34.3z\"><\/path><\/svg>\t\t\t<\/span>\n\t\t\t\t\t\t\t\t\t<span class=\"elementor-button-text\">Seguir leyendo<\/span>\n\t\t\t\t\t<\/span>\n\t\t\t\t\t<\/a>\n\t\t\t\t\t\t\t\t<\/div>\n\t\t\t\t<\/div>\n\t\t\t\t\t<\/div>\n\t\t\t\t<\/div>\n\t\t\t\t<\/div>\n\t\t<style id=\"loop-dynamic-191\">.e-loop-item-1 .elementor-element.elementor-element-be273ca:not(.elementor-motion-effects-element-type-background), .e-loop-item-1 .elementor-element.elementor-element-be273ca > .elementor-motion-effects-container > .elementor-motion-effects-layer{background-image:url(\"https:\/\/skylapseproduction.com\/wp-content\/uploads\/2026\/04\/galeria-principal-skylapse-1.png\");}<\/style>\t\t<div data-elementor-type=\"loop-item\" data-elementor-id=\"191\" class=\"elementor elementor-191 e-loop-item e-loop-item-1 post-1 post type-post status-publish format-standard has-post-thumbnail hentry category-uncategorized\" data-elementor-post-type=\"elementor_library\" data-custom-edit-handle=\"1\">\n\t\t\t<div data-particle_enable=\"false\" data-particle-mobile-disabled=\"false\" class=\"elementor-element elementor-element-2e5bcf7 e-flex e-con-boxed e-con e-parent\" data-id=\"2e5bcf7\" data-element_type=\"container\" data-e-type=\"container\" data-settings=\"{&quot;background_background&quot;:&quot;gradient&quot;}\">\n\t\t\t\t\t<div class=\"e-con-inner\">\n\t\t<div data-particle_enable=\"false\" data-particle-mobile-disabled=\"false\" class=\"elementor-element elementor-element-be273ca e-con-full e-flex elementor-invisible e-con e-child\" data-id=\"be273ca\" data-element_type=\"container\" data-e-type=\"container\" data-settings=\"{&quot;background_background&quot;:&quot;classic&quot;,&quot;animation&quot;:&quot;zoomIn&quot;}\">\n\t\t\t\t<\/div>\n\t\t<div data-particle_enable=\"false\" data-particle-mobile-disabled=\"false\" class=\"elementor-element elementor-element-eedfdac e-con-full e-flex e-con e-child\" data-id=\"eedfdac\" data-element_type=\"container\" data-e-type=\"container\">\n\t\t\t\t<div class=\"elementor-element elementor-element-855fc58 elementor-widget elementor-widget-heading\" data-id=\"855fc58\" data-element_type=\"widget\" data-e-type=\"widget\" data-widget_type=\"heading.default\">\n\t\t\t\t\t<h2 class=\"elementor-heading-title elementor-size-default\">What is a time-lapse, and what is it used for in construction?<\/h2>\t\t\t\t<\/div>\n\t\t\t\t<div class=\"elementor-element elementor-element-110def8 elementor-widget elementor-widget-button\" data-id=\"110def8\" data-element_type=\"widget\" data-e-type=\"widget\" data-widget_type=\"button.default\">\n\t\t\t\t\t\t\t\t\t\t<a class=\"elementor-button elementor-button-link elementor-size-sm elementor-animation-grow\" href=\"https:\/\/skylapseproduction.com\/en\/uncategorized\/que-es-un-timelapse-y-para-que-sirve-en-construccion\/\">\n\t\t\t\t\t\t<span class=\"elementor-button-content-wrapper\">\n\t\t\t\t\t\t<span class=\"elementor-button-icon\">\n\t\t\t\t<svg aria-hidden=\"true\" class=\"e-font-icon-svg e-fas-arrow-right\" viewbox=\"0 0 448 512\" xmlns=\"http:\/\/www.w3.org\/2000\/svg\"><path d=\"M190.5 66.9l22.2-22.2c9.4-9.4 24.6-9.4 33.9 0L441 239c9.4 9.4 9.4 24.6 0 33.9L246.6 467.3c-9.4 9.4-24.6 9.4-33.9 0l-22.2-22.2c-9.5-9.5-9.3-25 .4-34.3L311.4 296H24c-13.3 0-24-10.7-24-24v-32c0-13.3 10.7-24 24-24h287.4L190.9 101.2c-9.8-9.3-10-24.8-.4-34.3z\"><\/path><\/svg>\t\t\t<\/span>\n\t\t\t\t\t\t\t\t\t<span class=\"elementor-button-text\">Seguir leyendo<\/span>\n\t\t\t\t\t<\/span>\n\t\t\t\t\t<\/a>\n\t\t\t\t\t\t\t\t<\/div>\n\t\t\t\t<\/div>\n\t\t\t\t\t<\/div>\n\t\t\t\t<\/div>\n\t\t\t\t<\/div>\n\t\t\t\t<\/div>\n\t\t\n\t\t\t\t\t\t<\/div>\n\t\t\t\t<\/div>\n\t\t\t\t\t<\/div>\n\t\t\t\t<\/div>\n\t\t\t\t<\/div>","protected":false},"excerpt":{"rendered":"<p>Blog BLOG Espacio especializado orientado a compartir conocimiento, tendencias y mejores pr\u00e1cticas en monitoreo visual, producci\u00f3n audiovisual y gesti\u00f3n de proyectos de infraestructura.<\/p>","protected":false},"author":1,"featured_media":0,"parent":0,"menu_order":0,"comment_status":"closed","ping_status":"closed","template":"","meta":{"_acf_changed":false,"footnotes":""},"class_list":["post-186","page","type-page","status-publish","hentry"],"acf":[],"_hostinger_reach_plugin_has_subscription_block":false,"_hostinger_reach_plugin_is_elementor":false,"_links":{"self":[{"href":"https:\/\/skylapseproduction.com\/en\/wp-json\/wp\/v2\/pages\/186","targetHints":{"allow":["GET"]}}],"collection":[{"href":"https:\/\/skylapseproduction.com\/en\/wp-json\/wp\/v2\/pages"}],"about":[{"href":"https:\/\/skylapseproduction.com\/en\/wp-json\/wp\/v2\/types\/page"}],"author":[{"embeddable":true,"href":"https:\/\/skylapseproduction.com\/en\/wp-json\/wp\/v2\/users\/1"}],"replies":[{"embeddable":true,"href":"https:\/\/skylapseproduction.com\/en\/wp-json\/wp\/v2\/comments?post=186"}],"version-history":[{"count":16,"href":"https:\/\/skylapseproduction.com\/en\/wp-json\/wp\/v2\/pages\/186\/revisions"}],"predecessor-version":[{"id":557,"href":"https:\/\/skylapseproduction.com\/en\/wp-json\/wp\/v2\/pages\/186\/revisions\/557"}],"wp:attachment":[{"href":"https:\/\/skylapseproduction.com\/en\/wp-json\/wp\/v2\/media?parent=186"}],"curies":[{"name":"wp","href":"https:\/\/api.w.org\/{rel}","templated":true}]}}