{"id":151,"date":"2026-03-26T16:22:32","date_gmt":"2026-03-26T16:22:32","guid":{"rendered":"https:\/\/skylapseproduction.com\/?page_id=151"},"modified":"2026-04-23T14:23:12","modified_gmt":"2026-04-23T14:23:12","slug":"portafolio","status":"publish","type":"page","link":"https:\/\/skylapseproduction.com\/en\/portafolio\/","title":{"rendered":"Project Showcase"},"content":{"rendered":"<div data-elementor-type=\"wp-page\" data-elementor-id=\"151\" class=\"elementor elementor-151\" data-elementor-post-type=\"page\">\n\t\t\t\t<div data-particle_enable=\"false\" data-particle-mobile-disabled=\"false\" class=\"elementor-element elementor-element-393a702 e-flex e-con-boxed e-con e-parent\" data-id=\"393a702\" data-element_type=\"container\" data-e-type=\"container\" data-settings=\"{&quot;background_background&quot;:&quot;classic&quot;}\">\n\t\t\t\t\t<div class=\"e-con-inner\">\n\t\t\t\t\t<\/div>\n\t\t\t\t<\/div>\n\t\t<div data-particle_enable=\"false\" data-particle-mobile-disabled=\"false\" class=\"elementor-element elementor-element-4c8eb21 e-flex e-con-boxed e-con e-parent\" data-id=\"4c8eb21\" data-element_type=\"container\" data-e-type=\"container\">\n\t\t\t\t\t<div class=\"e-con-inner\">\n\t\t\t\t<div class=\"elementor-element elementor-element-08880af elementor-absolute elementor-widget elementor-widget-heading\" data-id=\"08880af\" data-element_type=\"widget\" data-e-type=\"widget\" data-settings=\"{&quot;_position&quot;:&quot;absolute&quot;}\" data-widget_type=\"heading.default\">\n\t\t\t\t\t<h2 class=\"elementor-heading-title elementor-size-default\">PORTAFOLIO<\/h2>\t\t\t\t<\/div>\n\t\t\t\t<div class=\"elementor-element elementor-element-9c73429 elementor-widget elementor-widget-text-editor\" data-id=\"9c73429\" data-element_type=\"widget\" data-e-type=\"widget\" data-widget_type=\"text-editor.default\">\n\t\t\t\t\t\t\t\t\t<p>Portafolio de proyectos desarrollados para empresas constructoras, desarrolladores inmobiliarios, entidades gubernamentales y organizaciones vinculadas al desarrollo de infraestructura, enfocados en documentaci\u00f3n, monitoreo y comunicaci\u00f3n estrat\u00e9gica.Lorem ipsum dolor sit amet, consectetur adipiscing elit. Ut elit tellus, luctus nec ullamcorper mattis, pulvinar dapibus leo.<\/p>\t\t\t\t\t\t\t\t<\/div>\n\t\t\t\t<div class=\"elementor-element elementor-element-e9dc889 elementor-gallery--filter-align-left elementor-widget elementor-widget-gallery\" data-id=\"e9dc889\" data-element_type=\"widget\" data-e-type=\"widget\" data-settings=\"{&quot;gallery_layout&quot;:&quot;justified&quot;,&quot;ideal_row_height&quot;:{&quot;unit&quot;:&quot;px&quot;,&quot;size&quot;:372,&quot;sizes&quot;:[]},&quot;lazyload&quot;:&quot;yes&quot;,&quot;ideal_row_height_laptop&quot;:{&quot;unit&quot;:&quot;px&quot;,&quot;size&quot;:150,&quot;sizes&quot;:[]},&quot;ideal_row_height_tablet&quot;:{&quot;unit&quot;:&quot;px&quot;,&quot;size&quot;:150,&quot;sizes&quot;:[]},&quot;ideal_row_height_mobile&quot;:{&quot;unit&quot;:&quot;px&quot;,&quot;size&quot;:150,&quot;sizes&quot;:[]},&quot;gap&quot;:{&quot;unit&quot;:&quot;px&quot;,&quot;size&quot;:10,&quot;sizes&quot;:[]},&quot;gap_laptop&quot;:{&quot;unit&quot;:&quot;px&quot;,&quot;size&quot;:10,&quot;sizes&quot;:[]},&quot;gap_tablet&quot;:{&quot;unit&quot;:&quot;px&quot;,&quot;size&quot;:10,&quot;sizes&quot;:[]},&quot;gap_mobile&quot;:{&quot;unit&quot;:&quot;px&quot;,&quot;size&quot;:10,&quot;sizes&quot;:[]},&quot;link_to&quot;:&quot;file&quot;,&quot;show_all_galleries&quot;:&quot;yes&quot;,&quot;overlay_background&quot;:&quot;yes&quot;,&quot;content_hover_animation&quot;:&quot;fade-in&quot;}\" data-widget_type=\"gallery.default\">\n\t\t\t\t\t\t\t\t<div class=\"elementor-gallery__titles-container e--pointer-underline e--animation-fade\" aria-label=\"Gallery filter\">\n\t\t\t\t\t\t\t\t\t<a class=\"elementor-item elementor-gallery-title\" role=\"button\" tabindex=\"0\" data-gallery-index=\"all\">\n\t\t\t\t\t\tAll\t\t\t\t\t<\/a>\n\t\t\t\t\n\t\t\t\t\t\t\t\t\t<a class=\"elementor-item elementor-gallery-title\" role=\"button\" tabindex=\"0\" data-gallery-index=\"0\">\n\t\t\t\t\t\tDrone\t\t\t\t\t<\/a>\n\t\t\t\t\t\t\t\t\t\t<a class=\"elementor-item elementor-gallery-title\" role=\"button\" tabindex=\"0\" data-gallery-index=\"1\">\n\t\t\t\t\t\t3D\t\t\t\t\t<\/a>\n\t\t\t\t\t\t\t\t\t\t<a class=\"elementor-item elementor-gallery-title\" role=\"button\" tabindex=\"0\" data-gallery-index=\"2\">\n\t\t\t\t\t\tFotos\t\t\t\t\t<\/a>\n\t\t\t\t\t\t\t\t<\/div>\n\t\t\t\t\t<div class=\"elementor-gallery__container\">\n\t\t\t\t\t\t\t<a class=\"e-gallery-item elementor-gallery-item elementor-animated-content\" data-e-gallery-tags=\"0\" href=\"https:\/\/skylapseproduction.com\/wp-content\/uploads\/2026\/03\/galeria-portafolio-servicio-camaras-monitoreo-3.jpg\" data-elementor-open-lightbox=\"yes\" data-elementor-lightbox-slideshow=\"e9dc889\" data-elementor-lightbox-title=\"galeria-portafolio-servicio-camaras-monitoreo (3)\" data-e-action-hash=\"#elementor-action%3Aaction%3Dlightbox%26settings%3DeyJpZCI6MTU1LCJ1cmwiOiJodHRwczpcL1wvc2t5bGFwc2Vwcm9kdWN0aW9uLmNvbVwvd3AtY29udGVudFwvdXBsb2Fkc1wvMjAyNlwvMDNcL2dhbGVyaWEtcG9ydGFmb2xpby1zZXJ2aWNpby1jYW1hcmFzLW1vbml0b3Jlby0zLmpwZyIsInNsaWRlc2hvdyI6ImU5ZGM4ODkifQ%3D%3D\">\n\t\t\t\t\t<div class=\"e-gallery-image elementor-gallery-item__image\" data-thumbnail=\"https:\/\/skylapseproduction.com\/wp-content\/uploads\/2026\/03\/galeria-portafolio-servicio-camaras-monitoreo-3.jpg\" data-width=\"474\" data-height=\"400\" aria-label=\"\" role=\"img\" ><\/div>\n\t\t\t\t\t\t\t\t\t\t\t<div class=\"elementor-gallery-item__overlay\"><\/div>\n\t\t\t\t\t\t\t\t\t\t\t\t\t\t<\/a>\n\t\t\t\t\t\t\t<a class=\"e-gallery-item elementor-gallery-item elementor-animated-content\" data-e-gallery-tags=\"0\" href=\"https:\/\/skylapseproduction.com\/wp-content\/uploads\/2026\/03\/galeria-portafolio-servicio-camaras-monitoreo-4.jpg\" data-elementor-open-lightbox=\"yes\" data-elementor-lightbox-slideshow=\"e9dc889\" data-elementor-lightbox-title=\"galeria-portafolio-servicio-camaras-monitoreo (4)\" data-e-action-hash=\"#elementor-action%3Aaction%3Dlightbox%26settings%3DeyJpZCI6MTU2LCJ1cmwiOiJodHRwczpcL1wvc2t5bGFwc2Vwcm9kdWN0aW9uLmNvbVwvd3AtY29udGVudFwvdXBsb2Fkc1wvMjAyNlwvMDNcL2dhbGVyaWEtcG9ydGFmb2xpby1zZXJ2aWNpby1jYW1hcmFzLW1vbml0b3Jlby00LmpwZyIsInNsaWRlc2hvdyI6ImU5ZGM4ODkifQ%3D%3D\">\n\t\t\t\t\t<div class=\"e-gallery-image elementor-gallery-item__image\" data-thumbnail=\"https:\/\/skylapseproduction.com\/wp-content\/uploads\/2026\/03\/galeria-portafolio-servicio-camaras-monitoreo-4.jpg\" data-width=\"474\" data-height=\"400\" aria-label=\"\" role=\"img\" ><\/div>\n\t\t\t\t\t\t\t\t\t\t\t<div class=\"elementor-gallery-item__overlay\"><\/div>\n\t\t\t\t\t\t\t\t\t\t\t\t\t\t<\/a>\n\t\t\t\t\t\t\t<a class=\"e-gallery-item elementor-gallery-item elementor-animated-content\" data-e-gallery-tags=\"0\" href=\"https:\/\/skylapseproduction.com\/wp-content\/uploads\/2026\/03\/galeria-portafolio-servicio-camaras-monitoreo-5.jpg\" data-elementor-open-lightbox=\"yes\" data-elementor-lightbox-slideshow=\"e9dc889\" data-elementor-lightbox-title=\"galeria-portafolio-servicio-camaras-monitoreo (5)\" data-e-action-hash=\"#elementor-action%3Aaction%3Dlightbox%26settings%3DeyJpZCI6MTU3LCJ1cmwiOiJodHRwczpcL1wvc2t5bGFwc2Vwcm9kdWN0aW9uLmNvbVwvd3AtY29udGVudFwvdXBsb2Fkc1wvMjAyNlwvMDNcL2dhbGVyaWEtcG9ydGFmb2xpby1zZXJ2aWNpby1jYW1hcmFzLW1vbml0b3Jlby01LmpwZyIsInNsaWRlc2hvdyI6ImU5ZGM4ODkifQ%3D%3D\">\n\t\t\t\t\t<div class=\"e-gallery-image elementor-gallery-item__image\" data-thumbnail=\"https:\/\/skylapseproduction.com\/wp-content\/uploads\/2026\/03\/galeria-portafolio-servicio-camaras-monitoreo-5.jpg\" data-width=\"474\" data-height=\"400\" aria-label=\"\" role=\"img\" ><\/div>\n\t\t\t\t\t\t\t\t\t\t\t<div class=\"elementor-gallery-item__overlay\"><\/div>\n\t\t\t\t\t\t\t\t\t\t\t\t\t\t<\/a>\n\t\t\t\t\t\t\t<a class=\"e-gallery-item elementor-gallery-item elementor-animated-content\" data-e-gallery-tags=\"1\" href=\"https:\/\/skylapseproduction.com\/wp-content\/uploads\/2026\/03\/galeria-portafolio-servicio-camaras-monitoreo-2.jpg\" data-elementor-open-lightbox=\"yes\" data-elementor-lightbox-slideshow=\"e9dc889\" data-elementor-lightbox-title=\"galeria-portafolio-servicio-camaras-monitoreo (2)\" data-e-action-hash=\"#elementor-action%3Aaction%3Dlightbox%26settings%3DeyJpZCI6MTU0LCJ1cmwiOiJodHRwczpcL1wvc2t5bGFwc2Vwcm9kdWN0aW9uLmNvbVwvd3AtY29udGVudFwvdXBsb2Fkc1wvMjAyNlwvMDNcL2dhbGVyaWEtcG9ydGFmb2xpby1zZXJ2aWNpby1jYW1hcmFzLW1vbml0b3Jlby0yLmpwZyIsInNsaWRlc2hvdyI6ImU5ZGM4ODkifQ%3D%3D\">\n\t\t\t\t\t<div class=\"e-gallery-image elementor-gallery-item__image\" data-thumbnail=\"https:\/\/skylapseproduction.com\/wp-content\/uploads\/2026\/03\/galeria-portafolio-servicio-camaras-monitoreo-2.jpg\" data-width=\"474\" data-height=\"400\" aria-label=\"\" role=\"img\" ><\/div>\n\t\t\t\t\t\t\t\t\t\t\t<div class=\"elementor-gallery-item__overlay\"><\/div>\n\t\t\t\t\t\t\t\t\t\t\t\t\t\t<\/a>\n\t\t\t\t\t\t\t<a class=\"e-gallery-item elementor-gallery-item elementor-animated-content\" data-e-gallery-tags=\"1\" href=\"https:\/\/skylapseproduction.com\/wp-content\/uploads\/2026\/03\/galeria-portafolio-servicio-camaras-monitoreo-1.jpg\" data-elementor-open-lightbox=\"yes\" data-elementor-lightbox-slideshow=\"e9dc889\" data-elementor-lightbox-title=\"galeria-portafolio-servicio-camaras-monitoreo (1)\" data-e-action-hash=\"#elementor-action%3Aaction%3Dlightbox%26settings%3DeyJpZCI6MTUzLCJ1cmwiOiJodHRwczpcL1wvc2t5bGFwc2Vwcm9kdWN0aW9uLmNvbVwvd3AtY29udGVudFwvdXBsb2Fkc1wvMjAyNlwvMDNcL2dhbGVyaWEtcG9ydGFmb2xpby1zZXJ2aWNpby1jYW1hcmFzLW1vbml0b3Jlby0xLmpwZyIsInNsaWRlc2hvdyI6ImU5ZGM4ODkifQ%3D%3D\">\n\t\t\t\t\t<div class=\"e-gallery-image elementor-gallery-item__image\" data-thumbnail=\"https:\/\/skylapseproduction.com\/wp-content\/uploads\/2026\/03\/galeria-portafolio-servicio-camaras-monitoreo-1.jpg\" data-width=\"474\" data-height=\"400\" aria-label=\"\" role=\"img\" ><\/div>\n\t\t\t\t\t\t\t\t\t\t\t<div class=\"elementor-gallery-item__overlay\"><\/div>\n\t\t\t\t\t\t\t\t\t\t\t\t\t\t<\/a>\n\t\t\t\t\t\t\t<a class=\"e-gallery-item elementor-gallery-item elementor-animated-content\" data-e-gallery-tags=\"2\" href=\"https:\/\/skylapseproduction.com\/wp-content\/uploads\/2026\/04\/portafolio-skylapse-1.png\" data-elementor-open-lightbox=\"yes\" data-elementor-lightbox-slideshow=\"e9dc889\" data-elementor-lightbox-title=\"portafolio-skylapse (1)\" data-e-action-hash=\"#elementor-action%3Aaction%3Dlightbox%26settings%3DeyJpZCI6NTQyLCJ1cmwiOiJodHRwczpcL1wvc2t5bGFwc2Vwcm9kdWN0aW9uLmNvbVwvd3AtY29udGVudFwvdXBsb2Fkc1wvMjAyNlwvMDRcL3BvcnRhZm9saW8tc2t5bGFwc2UtMS5wbmciLCJzbGlkZXNob3ciOiJlOWRjODg5In0%3D\">\n\t\t\t\t\t<div class=\"e-gallery-image elementor-gallery-item__image\" data-thumbnail=\"https:\/\/skylapseproduction.com\/wp-content\/uploads\/2026\/04\/portafolio-skylapse-1-1024x776.png\" data-width=\"800\" data-height=\"606\" aria-label=\"\" role=\"img\" ><\/div>\n\t\t\t\t\t\t\t\t\t\t\t<div class=\"elementor-gallery-item__overlay\"><\/div>\n\t\t\t\t\t\t\t\t\t\t\t\t\t\t<\/a>\n\t\t\t\t\t\t\t<a class=\"e-gallery-item elementor-gallery-item elementor-animated-content\" data-e-gallery-tags=\"2\" href=\"https:\/\/skylapseproduction.com\/wp-content\/uploads\/2026\/04\/portafolio-skylapse-2.png\" data-elementor-open-lightbox=\"yes\" data-elementor-lightbox-slideshow=\"e9dc889\" data-elementor-lightbox-title=\"portafolio-skylapse (2)\" data-e-action-hash=\"#elementor-action%3Aaction%3Dlightbox%26settings%3DeyJpZCI6NTQzLCJ1cmwiOiJodHRwczpcL1wvc2t5bGFwc2Vwcm9kdWN0aW9uLmNvbVwvd3AtY29udGVudFwvdXBsb2Fkc1wvMjAyNlwvMDRcL3BvcnRhZm9saW8tc2t5bGFwc2UtMi5wbmciLCJzbGlkZXNob3ciOiJlOWRjODg5In0%3D\">\n\t\t\t\t\t<div class=\"e-gallery-image elementor-gallery-item__image\" data-thumbnail=\"https:\/\/skylapseproduction.com\/wp-content\/uploads\/2026\/04\/portafolio-skylapse-2.png\" data-width=\"474\" data-height=\"400\" aria-label=\"\" role=\"img\" ><\/div>\n\t\t\t\t\t\t\t\t\t\t\t<div class=\"elementor-gallery-item__overlay\"><\/div>\n\t\t\t\t\t\t\t\t\t\t\t\t\t\t<\/a>\n\t\t\t\t\t\t\t<a class=\"e-gallery-item elementor-gallery-item elementor-animated-content\" data-e-gallery-tags=\"2\" href=\"https:\/\/skylapseproduction.com\/wp-content\/uploads\/2026\/04\/portafolio-skylapse-3.png\" data-elementor-open-lightbox=\"yes\" data-elementor-lightbox-slideshow=\"e9dc889\" data-elementor-lightbox-title=\"portafolio-skylapse (3)\" data-e-action-hash=\"#elementor-action%3Aaction%3Dlightbox%26settings%3DeyJpZCI6NTQ0LCJ1cmwiOiJodHRwczpcL1wvc2t5bGFwc2Vwcm9kdWN0aW9uLmNvbVwvd3AtY29udGVudFwvdXBsb2Fkc1wvMjAyNlwvMDRcL3BvcnRhZm9saW8tc2t5bGFwc2UtMy5wbmciLCJzbGlkZXNob3ciOiJlOWRjODg5In0%3D\">\n\t\t\t\t\t<div class=\"e-gallery-image elementor-gallery-item__image\" data-thumbnail=\"https:\/\/skylapseproduction.com\/wp-content\/uploads\/2026\/04\/portafolio-skylapse-3.png\" data-width=\"474\" data-height=\"400\" aria-label=\"\" role=\"img\" ><\/div>\n\t\t\t\t\t\t\t\t\t\t\t<div class=\"elementor-gallery-item__overlay\"><\/div>\n\t\t\t\t\t\t\t\t\t\t\t\t\t\t<\/a>\n\t\t\t\t\t\t\t<a class=\"e-gallery-item elementor-gallery-item elementor-animated-content\" data-e-gallery-tags=\"2\" href=\"https:\/\/skylapseproduction.com\/wp-content\/uploads\/2026\/04\/portafolio-skylapse-4.png\" data-elementor-open-lightbox=\"yes\" data-elementor-lightbox-slideshow=\"e9dc889\" data-elementor-lightbox-title=\"portafolio-skylapse (4)\" data-e-action-hash=\"#elementor-action%3Aaction%3Dlightbox%26settings%3DeyJpZCI6NTQ1LCJ1cmwiOiJodHRwczpcL1wvc2t5bGFwc2Vwcm9kdWN0aW9uLmNvbVwvd3AtY29udGVudFwvdXBsb2Fkc1wvMjAyNlwvMDRcL3BvcnRhZm9saW8tc2t5bGFwc2UtNC5wbmciLCJzbGlkZXNob3ciOiJlOWRjODg5In0%3D\">\n\t\t\t\t\t<div class=\"e-gallery-image elementor-gallery-item__image\" data-thumbnail=\"https:\/\/skylapseproduction.com\/wp-content\/uploads\/2026\/04\/portafolio-skylapse-4.png\" data-width=\"474\" data-height=\"400\" aria-label=\"\" role=\"img\" ><\/div>\n\t\t\t\t\t\t\t\t\t\t\t<div class=\"elementor-gallery-item__overlay\"><\/div>\n\t\t\t\t\t\t\t\t\t\t\t\t\t\t<\/a>\n\t\t\t\t\t\t\t<a class=\"e-gallery-item elementor-gallery-item elementor-animated-content\" data-e-gallery-tags=\"2\" href=\"https:\/\/skylapseproduction.com\/wp-content\/uploads\/2026\/04\/portafolio-skylapse-5.png\" data-elementor-open-lightbox=\"yes\" data-elementor-lightbox-slideshow=\"e9dc889\" data-elementor-lightbox-title=\"portafolio-skylapse (5)\" data-e-action-hash=\"#elementor-action%3Aaction%3Dlightbox%26settings%3DeyJpZCI6NTQ2LCJ1cmwiOiJodHRwczpcL1wvc2t5bGFwc2Vwcm9kdWN0aW9uLmNvbVwvd3AtY29udGVudFwvdXBsb2Fkc1wvMjAyNlwvMDRcL3BvcnRhZm9saW8tc2t5bGFwc2UtNS5wbmciLCJzbGlkZXNob3ciOiJlOWRjODg5In0%3D\">\n\t\t\t\t\t<div class=\"e-gallery-image elementor-gallery-item__image\" data-thumbnail=\"https:\/\/skylapseproduction.com\/wp-content\/uploads\/2026\/04\/portafolio-skylapse-5.png\" data-width=\"474\" data-height=\"400\" aria-label=\"\" role=\"img\" ><\/div>\n\t\t\t\t\t\t\t\t\t\t\t<div class=\"elementor-gallery-item__overlay\"><\/div>\n\t\t\t\t\t\t\t\t\t\t\t\t\t\t<\/a>\n\t\t\t\t\t\t\t<a class=\"e-gallery-item elementor-gallery-item elementor-animated-content\" data-e-gallery-tags=\"2\" href=\"https:\/\/skylapseproduction.com\/wp-content\/uploads\/2026\/04\/portafolio-skylapse-6.png\" data-elementor-open-lightbox=\"yes\" data-elementor-lightbox-slideshow=\"e9dc889\" data-elementor-lightbox-title=\"portafolio-skylapse (6)\" data-e-action-hash=\"#elementor-action%3Aaction%3Dlightbox%26settings%3DeyJpZCI6NTQ3LCJ1cmwiOiJodHRwczpcL1wvc2t5bGFwc2Vwcm9kdWN0aW9uLmNvbVwvd3AtY29udGVudFwvdXBsb2Fkc1wvMjAyNlwvMDRcL3BvcnRhZm9saW8tc2t5bGFwc2UtNi5wbmciLCJzbGlkZXNob3ciOiJlOWRjODg5In0%3D\">\n\t\t\t\t\t<div class=\"e-gallery-image elementor-gallery-item__image\" data-thumbnail=\"https:\/\/skylapseproduction.com\/wp-content\/uploads\/2026\/04\/portafolio-skylapse-6.png\" data-width=\"474\" data-height=\"400\" aria-label=\"\" role=\"img\" ><\/div>\n\t\t\t\t\t\t\t\t\t\t\t<div class=\"elementor-gallery-item__overlay\"><\/div>\n\t\t\t\t\t\t\t\t\t\t\t\t\t\t<\/a>\n\t\t\t\t\t\t\t<a class=\"e-gallery-item elementor-gallery-item elementor-animated-content\" data-e-gallery-tags=\"2\" href=\"https:\/\/skylapseproduction.com\/wp-content\/uploads\/2026\/04\/portafolio-skylapse-7.png\" data-elementor-open-lightbox=\"yes\" data-elementor-lightbox-slideshow=\"e9dc889\" data-elementor-lightbox-title=\"portafolio-skylapse (7)\" data-e-action-hash=\"#elementor-action%3Aaction%3Dlightbox%26settings%3DeyJpZCI6NTQ4LCJ1cmwiOiJodHRwczpcL1wvc2t5bGFwc2Vwcm9kdWN0aW9uLmNvbVwvd3AtY29udGVudFwvdXBsb2Fkc1wvMjAyNlwvMDRcL3BvcnRhZm9saW8tc2t5bGFwc2UtNy5wbmciLCJzbGlkZXNob3ciOiJlOWRjODg5In0%3D\">\n\t\t\t\t\t<div class=\"e-gallery-image elementor-gallery-item__image\" data-thumbnail=\"https:\/\/skylapseproduction.com\/wp-content\/uploads\/2026\/04\/portafolio-skylapse-7.png\" data-width=\"800\" data-height=\"676\" aria-label=\"\" role=\"img\" ><\/div>\n\t\t\t\t\t\t\t\t\t\t\t<div class=\"elementor-gallery-item__overlay\"><\/div>\n\t\t\t\t\t\t\t\t\t\t\t\t\t\t<\/a>\n\t\t\t\t\t\t\t<a class=\"e-gallery-item elementor-gallery-item elementor-animated-content\" data-e-gallery-tags=\"2\" href=\"https:\/\/skylapseproduction.com\/wp-content\/uploads\/2026\/04\/portafolio-skylapse-8.png\" data-elementor-open-lightbox=\"yes\" data-elementor-lightbox-slideshow=\"e9dc889\" data-elementor-lightbox-title=\"portafolio-skylapse (8)\" data-e-action-hash=\"#elementor-action%3Aaction%3Dlightbox%26settings%3DeyJpZCI6NTQ5LCJ1cmwiOiJodHRwczpcL1wvc2t5bGFwc2Vwcm9kdWN0aW9uLmNvbVwvd3AtY29udGVudFwvdXBsb2Fkc1wvMjAyNlwvMDRcL3BvcnRhZm9saW8tc2t5bGFwc2UtOC5wbmciLCJzbGlkZXNob3ciOiJlOWRjODg5In0%3D\">\n\t\t\t\t\t<div class=\"e-gallery-image elementor-gallery-item__image\" data-thumbnail=\"https:\/\/skylapseproduction.com\/wp-content\/uploads\/2026\/04\/portafolio-skylapse-8-1024x776.png\" data-width=\"800\" data-height=\"606\" aria-label=\"\" role=\"img\" ><\/div>\n\t\t\t\t\t\t\t\t\t\t\t<div class=\"elementor-gallery-item__overlay\"><\/div>\n\t\t\t\t\t\t\t\t\t\t\t\t\t\t<\/a>\n\t\t\t\t\t<\/div>\n\t\t\t\t\t<\/div>\n\t\t\t\t\t<\/div>\n\t\t\t\t<\/div>\n\t\t\t\t<\/div>","protected":false},"excerpt":{"rendered":"<p>PORTAFOLIO Portafolio de proyectos desarrollados para empresas constructoras, desarrolladores inmobiliarios, entidades gubernamentales y organizaciones vinculadas al desarrollo de infraestructura, enfocados en documentaci\u00f3n, monitoreo y comunicaci\u00f3n estrat\u00e9gica.Lorem ipsum dolor sit amet, consectetur adipiscing elit. Ut elit tellus, luctus nec ullamcorper mattis, pulvinar dapibus leo. All Drone 3D Fotos<\/p>","protected":false},"author":1,"featured_media":0,"parent":0,"menu_order":0,"comment_status":"closed","ping_status":"closed","template":"","meta":{"_acf_changed":false,"footnotes":""},"class_list":["post-151","page","type-page","status-publish","hentry"],"acf":[],"_hostinger_reach_plugin_has_subscription_block":false,"_hostinger_reach_plugin_is_elementor":false,"_links":{"self":[{"href":"https:\/\/skylapseproduction.com\/en\/wp-json\/wp\/v2\/pages\/151","targetHints":{"allow":["GET"]}}],"collection":[{"href":"https:\/\/skylapseproduction.com\/en\/wp-json\/wp\/v2\/pages"}],"about":[{"href":"https:\/\/skylapseproduction.com\/en\/wp-json\/wp\/v2\/types\/page"}],"author":[{"embeddable":true,"href":"https:\/\/skylapseproduction.com\/en\/wp-json\/wp\/v2\/users\/1"}],"replies":[{"embeddable":true,"href":"https:\/\/skylapseproduction.com\/en\/wp-json\/wp\/v2\/comments?post=151"}],"version-history":[{"count":25,"href":"https:\/\/skylapseproduction.com\/en\/wp-json\/wp\/v2\/pages\/151\/revisions"}],"predecessor-version":[{"id":552,"href":"https:\/\/skylapseproduction.com\/en\/wp-json\/wp\/v2\/pages\/151\/revisions\/552"}],"wp:attachment":[{"href":"https:\/\/skylapseproduction.com\/en\/wp-json\/wp\/v2\/media?parent=151"}],"curies":[{"name":"wp","href":"https:\/\/api.w.org\/{rel}","templated":true}]}}