{"id":104,"date":"2026-03-24T22:05:09","date_gmt":"2026-03-24T22:05:09","guid":{"rendered":"https:\/\/skylapseproduction.com\/?page_id=104"},"modified":"2026-05-02T14:30:28","modified_gmt":"2026-05-02T14:30:28","slug":"nosotros","status":"publish","type":"page","link":"https:\/\/skylapseproduction.com\/en\/nosotros\/","title":{"rendered":"About us"},"content":{"rendered":"<div data-elementor-type=\"wp-page\" data-elementor-id=\"104\" class=\"elementor elementor-104\" data-elementor-post-type=\"page\">\n\t\t\t\t<div data-particle_enable=\"false\" data-particle-mobile-disabled=\"false\" class=\"elementor-element elementor-element-0b5f266 e-flex e-con-boxed e-con e-parent\" data-id=\"0b5f266\" data-element_type=\"container\" data-e-type=\"container\" data-settings=\"{&quot;background_background&quot;:&quot;classic&quot;}\">\n\t\t\t\t\t<div class=\"e-con-inner\">\n\t\t\t\t\t<\/div>\n\t\t\t\t<\/div>\n\t\t<div data-particle_enable=\"false\" data-particle-mobile-disabled=\"false\" class=\"elementor-element elementor-element-4b3e8cb e-flex e-con-boxed e-con e-parent\" data-id=\"4b3e8cb\" data-element_type=\"container\" data-e-type=\"container\">\n\t\t\t\t\t<div class=\"e-con-inner\">\n\t\t\t\t<div class=\"elementor-element elementor-element-2ae1f5e elementor-absolute elementor-widget elementor-widget-heading\" data-id=\"2ae1f5e\" data-element_type=\"widget\" data-e-type=\"widget\" data-settings=\"{&quot;_position&quot;:&quot;absolute&quot;}\" data-widget_type=\"heading.default\">\n\t\t\t\t\t<h2 class=\"elementor-heading-title elementor-size-default\">Historia<\/h2>\t\t\t\t<\/div>\n\t\t<div data-particle_enable=\"false\" data-particle-mobile-disabled=\"false\" class=\"elementor-element elementor-element-e48d953 e-con-full elementor-hidden-mobile e-flex elementor-invisible e-con e-child\" data-id=\"e48d953\" data-element_type=\"container\" data-e-type=\"container\" data-settings=\"{&quot;animation&quot;:&quot;fadeInLeft&quot;}\">\n\t\t\t\t<div class=\"elementor-element elementor-element-d527105 elementor-widget elementor-widget-image\" data-id=\"d527105\" data-element_type=\"widget\" data-e-type=\"widget\" data-widget_type=\"image.default\">\n\t\t\t\t\t\t\t\t\t\t\t\t\t\t\t<img fetchpriority=\"high\" decoding=\"async\" width=\"746\" height=\"907\" src=\"https:\/\/skylapseproduction.com\/wp-content\/uploads\/2026\/03\/Rectangle-69-e1774624977453.jpg\" class=\"attachment-large size-large wp-image-107\" alt=\"\" srcset=\"https:\/\/skylapseproduction.com\/wp-content\/uploads\/2026\/03\/Rectangle-69-e1774624977453.jpg 746w, https:\/\/skylapseproduction.com\/wp-content\/uploads\/2026\/03\/Rectangle-69-e1774624977453-247x300.jpg 247w\" sizes=\"(max-width: 746px) 100vw, 746px\" \/>\t\t\t\t\t\t\t\t\t\t\t\t\t\t\t<\/div>\n\t\t\t\t<\/div>\n\t\t<div data-particle_enable=\"false\" data-particle-mobile-disabled=\"false\" class=\"elementor-element elementor-element-0ac6b59 e-con-full e-flex elementor-invisible e-con e-child\" data-id=\"0ac6b59\" data-element_type=\"container\" data-e-type=\"container\" data-settings=\"{&quot;animation&quot;:&quot;fadeInUp&quot;}\">\n\t\t\t\t<div class=\"elementor-element elementor-element-dd5a274 elementor-widget elementor-widget-heading\" data-id=\"dd5a274\" data-element_type=\"widget\" data-e-type=\"widget\" data-widget_type=\"heading.default\">\n\t\t\t\t\t<h2 class=\"elementor-heading-title elementor-size-default\">Company History<\/h2>\t\t\t\t<\/div>\n\t\t\t\t<div class=\"elementor-element elementor-element-0112b24 elementor-widget elementor-widget-text-editor\" data-id=\"0112b24\" data-element_type=\"widget\" data-e-type=\"widget\" data-widget_type=\"text-editor.default\">\n\t\t\t\t\t\t\t\t\t<p><span style=\"font-weight: 400;\">Skylapse Production es una empresa de medios y tecnolog\u00eda con presencia en Orlando, Florida y Cartagena, Colombia, enfocada en transformar la forma en que se documentan, visualizan y comunican los proyectos de infraestructura, construcci\u00f3n y desarrollo industrial.<\/span><span style=\"font-weight: 400;\"><br \/><\/span><span style=\"font-weight: 400;\"><br \/><\/span><span style=\"font-weight: 400;\">Its founder, Carlos Arturo Escobar Barbosa, brings over two decades of experience in strategic communication and audiovisual production, leading high-impact initiatives across port, construction, and industrial sectors, delivering projects throughout the United States and Colombia.<\/span><span style=\"font-weight: 400;\"><br \/><\/span><span style=\"font-weight: 400;\"><br \/><\/span><span style=\"font-weight: 400;\">The company was created to bridge technology and visual storytelling, providing greater clarity into project progress, enhancing collaboration among teams and stakeholders, and enabling more efficient control and decision-making processes.<\/span><\/p>\t\t\t\t\t\t\t\t<\/div>\n\t\t\t\t<div class=\"elementor-element elementor-element-45f9474 elementor-widget elementor-widget-button\" data-id=\"45f9474\" data-element_type=\"widget\" data-e-type=\"widget\" data-widget_type=\"button.default\">\n\t\t\t\t\t\t\t\t\t\t<a class=\"elementor-button elementor-button-link elementor-size-sm elementor-animation-grow\" href=\"https:\/\/skylapseproduction.com\/en\/contacto\/\">\n\t\t\t\t\t\t<span class=\"elementor-button-content-wrapper\">\n\t\t\t\t\t\t\t\t\t<span class=\"elementor-button-text\">quote<\/span>\n\t\t\t\t\t<\/span>\n\t\t\t\t\t<\/a>\n\t\t\t\t\t\t\t\t<\/div>\n\t\t\t\t<\/div>\n\t\t\t\t\t<\/div>\n\t\t\t\t<\/div>\n\t\t<div data-particle_enable=\"false\" data-particle-mobile-disabled=\"false\" class=\"elementor-element elementor-element-3557bc2 e-flex e-con-boxed e-con e-parent\" data-id=\"3557bc2\" data-element_type=\"container\" data-e-type=\"container\" data-settings=\"{&quot;background_background&quot;:&quot;classic&quot;}\">\n\t\t\t\t\t<div class=\"e-con-inner\">\n\t\t<div data-particle_enable=\"false\" data-particle-mobile-disabled=\"false\" class=\"elementor-element elementor-element-81489ae e-con-full e-flex e-con e-child\" data-id=\"81489ae\" data-element_type=\"container\" data-e-type=\"container\">\n\t\t\t\t<div class=\"elementor-element elementor-element-1d26685 elementor-widget elementor-widget-heading\" data-id=\"1d26685\" data-element_type=\"widget\" data-e-type=\"widget\" data-widget_type=\"heading.default\">\n\t\t\t\t\t<h2 class=\"elementor-heading-title elementor-size-default\">Vision<\/h2>\t\t\t\t<\/div>\n\t\t\t\t<div class=\"elementor-element elementor-element-56e1722 elementor-widget elementor-widget-text-editor\" data-id=\"56e1722\" data-element_type=\"widget\" data-e-type=\"widget\" data-widget_type=\"text-editor.default\">\n\t\t\t\t\t\t\t\t\t<p><span style=\"font-weight: 400;\">To become a global benchmark in visual intelligence solutions for infrastructure and construction projects, transforming how teams understand, manage, and communicate project progress.<\/span><\/p>\t\t\t\t\t\t\t\t<\/div>\n\t\t\t\t<\/div>\n\t\t<div data-particle_enable=\"false\" data-particle-mobile-disabled=\"false\" class=\"elementor-element elementor-element-d4845ab e-con-full e-flex e-con e-child\" data-id=\"d4845ab\" data-element_type=\"container\" data-e-type=\"container\">\n\t\t\t\t<div class=\"elementor-element elementor-element-915707d elementor-widget elementor-widget-heading\" data-id=\"915707d\" data-element_type=\"widget\" data-e-type=\"widget\" data-widget_type=\"heading.default\">\n\t\t\t\t\t<h2 class=\"elementor-heading-title elementor-size-default\">Mission<\/h2>\t\t\t\t<\/div>\n\t\t\t\t<div class=\"elementor-element elementor-element-6a633e8 elementor-widget elementor-widget-text-editor\" data-id=\"6a633e8\" data-element_type=\"widget\" data-e-type=\"widget\" data-widget_type=\"text-editor.default\">\n\t\t\t\t\t\t\t\t\t<p>To deliver strategic audiovisual solutions that enable infrastructure, construction, and industrial companies to effectively monitor, document, and communicate their projects, enhancing operational control and decision-making.<\/p>\t\t\t\t\t\t\t\t<\/div>\n\t\t\t\t<\/div>\n\t\t\t\t\t<\/div>\n\t\t\t\t<\/div>\n\t\t<div data-particle_enable=\"false\" data-particle-mobile-disabled=\"false\" class=\"elementor-element elementor-element-23d6d3c e-flex e-con-boxed e-con e-parent\" data-id=\"23d6d3c\" data-element_type=\"container\" data-e-type=\"container\" data-settings=\"{&quot;background_background&quot;:&quot;classic&quot;}\">\n\t\t\t\t\t<div class=\"e-con-inner\">\n\t\t<div data-particle_enable=\"false\" data-particle-mobile-disabled=\"false\" class=\"elementor-element elementor-element-bd8cd3a e-con-full e-flex elementor-invisible e-con e-child\" data-id=\"bd8cd3a\" data-element_type=\"container\" data-e-type=\"container\" data-settings=\"{&quot;animation&quot;:&quot;fadeInLeft&quot;}\">\n\t\t\t\t<div class=\"elementor-element elementor-element-66e85ad elementor-widget elementor-widget-text-editor\" data-id=\"66e85ad\" data-element_type=\"widget\" data-e-type=\"widget\" data-widget_type=\"text-editor.default\">\n\t\t\t\t\t\t\t\t\t<p><strong><span style=\"color: #2c58a5;\">Precision :<\/span><\/strong> We apply technical rigor to deliver reliable visual data at every stage of the project.<\/p><p><span style=\"color: #2c58a5;\"><strong>Innovation :<\/strong><\/span> We combine technology and creativity to develop solutions that drive real value in high-level projects.<\/p><p><span style=\"color: #2c58a5;\"><strong>Strategic Focus :<\/strong><\/span> Every solution is designed to enhance project control, management, and decision-making.<\/p><p><span style=\"color: #2c58a5;\"><strong>Commitment :<\/strong><\/span> We operate as strategic partners, fully engaged in each project with a results-driven mindset.<\/p><p><span style=\"color: #2c58a5;\"><strong>Clarity :<\/strong><\/span> We turn project complexity into clear, actionable visual insight.<\/p><p><span style=\"box-sizing: border-box; margin: 0px; padding: 0px;\"><strong><span style=\"color: #2c58a5;\">Trust :<\/span><\/strong> We build long-term relationships based on consistency, transparency, and accountability.<\/span><\/p>\t\t\t\t\t\t\t\t<\/div>\n\t\t\t\t<div class=\"elementor-element elementor-element-cc3a555 elementor-widget elementor-widget-button\" data-id=\"cc3a555\" data-element_type=\"widget\" data-e-type=\"widget\" data-widget_type=\"button.default\">\n\t\t\t\t\t\t\t\t\t\t<a class=\"elementor-button elementor-button-link elementor-size-sm\" href=\"https:\/\/skylapseproduction.com\/en\/contacto\/\">\n\t\t\t\t\t\t<span class=\"elementor-button-content-wrapper\">\n\t\t\t\t\t\t\t\t\t<span class=\"elementor-button-text\">quote<\/span>\n\t\t\t\t\t<\/span>\n\t\t\t\t\t<\/a>\n\t\t\t\t\t\t\t\t<\/div>\n\t\t\t\t<\/div>\n\t\t<div data-particle_enable=\"false\" data-particle-mobile-disabled=\"false\" class=\"elementor-element elementor-element-051a7be e-con-full elementor-hidden-mobile e-flex elementor-invisible e-con e-child\" data-id=\"051a7be\" data-element_type=\"container\" data-e-type=\"container\" data-settings=\"{&quot;animation&quot;:&quot;fadeInUp&quot;}\">\n\t\t\t\t<div class=\"elementor-element elementor-element-b1c5972 elementor-widget elementor-widget-image\" data-id=\"b1c5972\" data-element_type=\"widget\" data-e-type=\"widget\" data-widget_type=\"image.default\">\n\t\t\t\t\t\t\t\t\t\t\t\t\t\t\t<img decoding=\"async\" width=\"800\" height=\"536\" src=\"https:\/\/skylapseproduction.com\/wp-content\/uploads\/2026\/03\/Rectangle-60.jpg\" class=\"attachment-large size-large wp-image-303\" alt=\"\" srcset=\"https:\/\/skylapseproduction.com\/wp-content\/uploads\/2026\/03\/Rectangle-60.jpg 808w, https:\/\/skylapseproduction.com\/wp-content\/uploads\/2026\/03\/Rectangle-60-300x201.jpg 300w, https:\/\/skylapseproduction.com\/wp-content\/uploads\/2026\/03\/Rectangle-60-768x514.jpg 768w\" sizes=\"(max-width: 800px) 100vw, 800px\" \/>\t\t\t\t\t\t\t\t\t\t\t\t\t\t\t<\/div>\n\t\t\t\t<\/div>\n\t\t\t\t<div class=\"elementor-element elementor-element-0129ce8 elementor-absolute elementor-widget elementor-widget-heading\" data-id=\"0129ce8\" data-element_type=\"widget\" data-e-type=\"widget\" data-settings=\"{&quot;_position&quot;:&quot;absolute&quot;}\" data-widget_type=\"heading.default\">\n\t\t\t\t\t<h2 class=\"elementor-heading-title elementor-size-default\">Values<\/h2>\t\t\t\t<\/div>\n\t\t\t\t\t<\/div>\n\t\t\t\t<\/div>\n\t\t<div data-particle_enable=\"false\" data-particle-mobile-disabled=\"false\" class=\"elementor-element elementor-element-6b7b74f e-flex e-con-boxed e-con e-parent\" data-id=\"6b7b74f\" data-element_type=\"container\" data-e-type=\"container\" data-settings=\"{&quot;background_background&quot;:&quot;classic&quot;}\">\n\t\t\t\t\t<div class=\"e-con-inner\">\n\t\t\t\t<div class=\"elementor-element elementor-element-e0cb7ba elementor-absolute elementor-widget elementor-widget-heading\" data-id=\"e0cb7ba\" data-element_type=\"widget\" data-e-type=\"widget\" data-settings=\"{&quot;_position&quot;:&quot;absolute&quot;}\" data-widget_type=\"heading.default\">\n\t\t\t\t\t<h2 class=\"elementor-heading-title elementor-size-default\">Technology<\/h2>\t\t\t\t<\/div>\n\t\t\t\t<div class=\"elementor-element elementor-element-ab24603 elementor-widget elementor-widget-heading\" data-id=\"ab24603\" data-element_type=\"widget\" data-e-type=\"widget\" data-widget_type=\"heading.default\">\n\t\t\t\t\t<h2 class=\"elementor-heading-title elementor-size-default\">Technology &amp; Equipment<\/h2>\t\t\t\t<\/div>\n\t\t\t\t<div class=\"elementor-element elementor-element-60ddc60 elementor-widget elementor-widget-text-editor\" data-id=\"60ddc60\" data-element_type=\"widget\" data-e-type=\"widget\" data-widget_type=\"text-editor.default\">\n\t\t\t\t\t\t\t\t\t<p><span style=\"font-weight: 400;\">At Skylapse Production, we turn visual capture into strategic insight for complex projects.<\/span><\/p><p><span style=\"font-weight: 400;\">We integrate professional timelapse, drone operations, high-resolution imaging, and 360\u00b0 technology to deliver a precise and comprehensive view of project progress.<\/span><\/p><p><span style=\"font-weight: 400;\">A streamlined technology ecosystem ensures efficiency, consistency, and high-quality output in every deliverable.<\/span><\/p>\t\t\t\t\t\t\t\t<\/div>\n\t\t\t\t<div class=\"elementor-element elementor-element-1b09480 elementor-widget elementor-widget-button\" data-id=\"1b09480\" data-element_type=\"widget\" data-e-type=\"widget\" data-widget_type=\"button.default\">\n\t\t\t\t\t\t\t\t\t\t<a class=\"elementor-button elementor-button-link elementor-size-sm elementor-animation-grow\" href=\"https:\/\/skylapseproduction.com\/en\/servicio\/drone\/\">\n\t\t\t\t\t\t<span class=\"elementor-button-content-wrapper\">\n\t\t\t\t\t\t\t\t\t<span class=\"elementor-button-text\">Learn about our services<\/span>\n\t\t\t\t\t<\/span>\n\t\t\t\t\t<\/a>\n\t\t\t\t\t\t\t\t<\/div>\n\t\t\t\t\t<\/div>\n\t\t\t\t<\/div>\n\t\t<div data-particle_enable=\"false\" data-particle-mobile-disabled=\"false\" class=\"elementor-element elementor-element-9ff63b9 e-flex e-con-boxed e-con e-parent\" data-id=\"9ff63b9\" data-element_type=\"container\" data-e-type=\"container\">\n\t\t\t\t\t<div class=\"e-con-inner\">\n\t\t<div data-particle_enable=\"false\" data-particle-mobile-disabled=\"false\" class=\"elementor-element elementor-element-ec84bdf e-con-full e-flex elementor-invisible e-con e-child\" data-id=\"ec84bdf\" data-element_type=\"container\" data-e-type=\"container\" data-settings=\"{&quot;animation&quot;:&quot;fadeInUp&quot;}\">\n\t\t\t\t<div class=\"elementor-element elementor-element-4420792 elementor-widget elementor-widget-image\" data-id=\"4420792\" data-element_type=\"widget\" data-e-type=\"widget\" data-widget_type=\"image.default\">\n\t\t\t\t\t\t\t\t\t\t\t\t\t\t\t<img decoding=\"async\" width=\"800\" height=\"527\" src=\"https:\/\/skylapseproduction.com\/wp-content\/uploads\/2026\/03\/Rectangle-90.jpg\" class=\"attachment-large size-large wp-image-113\" alt=\"\" srcset=\"https:\/\/skylapseproduction.com\/wp-content\/uploads\/2026\/03\/Rectangle-90.jpg 867w, https:\/\/skylapseproduction.com\/wp-content\/uploads\/2026\/03\/Rectangle-90-300x198.jpg 300w, https:\/\/skylapseproduction.com\/wp-content\/uploads\/2026\/03\/Rectangle-90-768x506.jpg 768w\" sizes=\"(max-width: 800px) 100vw, 800px\" \/>\t\t\t\t\t\t\t\t\t\t\t\t\t\t\t<\/div>\n\t\t\t\t<\/div>\n\t\t<div data-particle_enable=\"false\" data-particle-mobile-disabled=\"false\" class=\"elementor-element elementor-element-d42f89a e-con-full e-flex elementor-invisible e-con e-child\" data-id=\"d42f89a\" data-element_type=\"container\" data-e-type=\"container\" data-settings=\"{&quot;animation&quot;:&quot;fadeInRight&quot;}\">\n\t\t\t\t<div class=\"elementor-element elementor-element-eedf4ee elementor-widget elementor-widget-heading\" data-id=\"eedf4ee\" data-element_type=\"widget\" data-e-type=\"widget\" data-widget_type=\"heading.default\">\n\t\t\t\t\t<h2 class=\"elementor-heading-title elementor-size-default\">Team<\/h2>\t\t\t\t<\/div>\n\t\t\t\t<div class=\"elementor-element elementor-element-00beb95 elementor-widget elementor-widget-text-editor\" data-id=\"00beb95\" data-element_type=\"widget\" data-e-type=\"widget\" data-widget_type=\"text-editor.default\">\n\t\t\t\t\t\t\t\t\t<p>En Skylapse Production contamos con un equipo especializado en producci\u00f3n audiovisual, tecnolog\u00eda y monitoreo de proyectos de construcci\u00f3n y portuarios, integrado por expertos en timelapse, operaci\u00f3n de drones, postproducci\u00f3n y visualizaci\u00f3n 3D.<\/p><p>We combine technical expertise, visual judgment, and a strategic approach to deliver precise, goal-oriented content, with the flexibility to operate across medium- and large-scale projects.<\/p>\t\t\t\t\t\t\t\t<\/div>\n\t\t\t\t<\/div>\n\t\t\t\t<div class=\"elementor-element elementor-element-c352fd7 elementor-absolute animated-slow elementor-invisible elementor-widget elementor-widget-image\" data-id=\"c352fd7\" data-element_type=\"widget\" data-e-type=\"widget\" data-settings=\"{&quot;_position&quot;:&quot;absolute&quot;,&quot;_animation&quot;:&quot;zoomInLeft&quot;}\" data-widget_type=\"image.default\">\n\t\t\t\t\t\t\t\t\t\t\t\t\t\t\t<img loading=\"lazy\" decoding=\"async\" width=\"783\" height=\"1024\" src=\"https:\/\/skylapseproduction.com\/wp-content\/uploads\/2026\/03\/Vector-e1775744498949-783x1024.png\" class=\"attachment-large size-large wp-image-305\" alt=\"\" srcset=\"https:\/\/skylapseproduction.com\/wp-content\/uploads\/2026\/03\/Vector-e1775744498949-783x1024.png 783w, https:\/\/skylapseproduction.com\/wp-content\/uploads\/2026\/03\/Vector-e1775744498949-229x300.png 229w, https:\/\/skylapseproduction.com\/wp-content\/uploads\/2026\/03\/Vector-e1775744498949-768x1004.png 768w, https:\/\/skylapseproduction.com\/wp-content\/uploads\/2026\/03\/Vector-e1775744498949-9x12.png 9w, https:\/\/skylapseproduction.com\/wp-content\/uploads\/2026\/03\/Vector-e1775744498949.png 1170w\" sizes=\"(max-width: 783px) 100vw, 783px\" \/>\t\t\t\t\t\t\t\t\t\t\t\t\t\t\t<\/div>\n\t\t\t\t\t<\/div>\n\t\t\t\t<\/div>\n\t\t\t\t<\/div>","protected":false},"excerpt":{"rendered":"<p>Historia Historia de la empresa Skylapse Production es una empresa de medios y tecnolog\u00eda con presencia en Orlando, Florida y Cartagena, Colombia, enfocada en transformar la forma en que se documentan, visualizan y comunican los proyectos de infraestructura, construcci\u00f3n y desarrollo industrial. Su fundador, Carlos Arturo Escobar Barbosa, acumula m\u00e1s de dos d\u00e9cadas de experiencia [&hellip;]<\/p>","protected":false},"author":1,"featured_media":0,"parent":0,"menu_order":0,"comment_status":"closed","ping_status":"closed","template":"","meta":{"_acf_changed":false,"footnotes":""},"class_list":["post-104","page","type-page","status-publish","hentry"],"acf":[],"_hostinger_reach_plugin_has_subscription_block":false,"_hostinger_reach_plugin_is_elementor":false,"_links":{"self":[{"href":"https:\/\/skylapseproduction.com\/en\/wp-json\/wp\/v2\/pages\/104","targetHints":{"allow":["GET"]}}],"collection":[{"href":"https:\/\/skylapseproduction.com\/en\/wp-json\/wp\/v2\/pages"}],"about":[{"href":"https:\/\/skylapseproduction.com\/en\/wp-json\/wp\/v2\/types\/page"}],"author":[{"embeddable":true,"href":"https:\/\/skylapseproduction.com\/en\/wp-json\/wp\/v2\/users\/1"}],"replies":[{"embeddable":true,"href":"https:\/\/skylapseproduction.com\/en\/wp-json\/wp\/v2\/comments?post=104"}],"version-history":[{"count":73,"href":"https:\/\/skylapseproduction.com\/en\/wp-json\/wp\/v2\/pages\/104\/revisions"}],"predecessor-version":[{"id":767,"href":"https:\/\/skylapseproduction.com\/en\/wp-json\/wp\/v2\/pages\/104\/revisions\/767"}],"wp:attachment":[{"href":"https:\/\/skylapseproduction.com\/en\/wp-json\/wp\/v2\/media?parent=104"}],"curies":[{"name":"wp","href":"https:\/\/api.w.org\/{rel}","templated":true}]}}